{"id":11,"date":"2020-07-07T10:52:50","date_gmt":"2020-07-07T10:52:50","guid":{"rendered":"https:\/\/unibuch-campus.center\/?page_id=11"},"modified":"2020-08-18T16:17:23","modified_gmt":"2020-08-18T16:17:23","slug":"angebote","status":"publish","type":"page","link":"https:\/\/unibuch-campus.center\/index.php\/angebote\/","title":{"rendered":"Angebote"},"content":{"rendered":"<p><span style=\"font-size: 18pt;\">Grosses Angebot an reduzierten W\u00f6rterb\u00fcchern<\/span>.<img loading=\"lazy\" decoding=\"async\" class=\"alignnone size-large wp-image-88\" src=\"https:\/\/unibuch-campus.center\/wp-content\/uploads\/2020\/08\/20200729_125549-1024x768.jpg\" alt=\"\" width=\"640\" height=\"480\" srcset=\"https:\/\/unibuch-campus.center\/wp-content\/uploads\/2020\/08\/20200729_125549-1024x768.jpg 1024w, https:\/\/unibuch-campus.center\/wp-content\/uploads\/2020\/08\/20200729_125549-300x225.jpg 300w, https:\/\/unibuch-campus.center\/wp-content\/uploads\/2020\/08\/20200729_125549-768x576.jpg 768w, https:\/\/unibuch-campus.center\/wp-content\/uploads\/2020\/08\/20200729_125549-1536x1152.jpg 1536w, https:\/\/unibuch-campus.center\/wp-content\/uploads\/2020\/08\/20200729_125549-155x116.jpg 155w, https:\/\/unibuch-campus.center\/wp-content\/uploads\/2020\/08\/20200729_125549.jpg 2016w\" sizes=\"auto, (max-width: 640px) 100vw, 640px\" \/><\/p>\n<p><span style=\"font-size: 18pt;\">2000 B\u00e4nde Weltliteratur ab 2,- \u20ac<\/span><\/p>\n<p><img loading=\"lazy\" decoding=\"async\" class=\"alignnone size-large wp-image-90\" src=\"https:\/\/unibuch-campus.center\/wp-content\/uploads\/2020\/08\/20200729_125559-1024x768.jpg\" alt=\"\" width=\"640\" height=\"480\" srcset=\"https:\/\/unibuch-campus.center\/wp-content\/uploads\/2020\/08\/20200729_125559-1024x768.jpg 1024w, https:\/\/unibuch-campus.center\/wp-content\/uploads\/2020\/08\/20200729_125559-300x225.jpg 300w, https:\/\/unibuch-campus.center\/wp-content\/uploads\/2020\/08\/20200729_125559-768x576.jpg 768w, https:\/\/unibuch-campus.center\/wp-content\/uploads\/2020\/08\/20200729_125559-1536x1152.jpg 1536w, https:\/\/unibuch-campus.center\/wp-content\/uploads\/2020\/08\/20200729_125559-155x116.jpg 155w, https:\/\/unibuch-campus.center\/wp-content\/uploads\/2020\/08\/20200729_125559.jpg 2016w\" sizes=\"auto, (max-width: 640px) 100vw, 640px\" \/><\/p>\n<p><span style=\"font-size: 18pt;\">Grosse Abteilung Philosophie &#8211; second hand, Remittenden, Sonderausgaben<\/span><\/p>\n<p><img loading=\"lazy\" decoding=\"async\" class=\"alignnone size-large wp-image-92\" src=\"https:\/\/unibuch-campus.center\/wp-content\/uploads\/2020\/08\/20200729_125659-1024x768.jpg\" alt=\"\" width=\"640\" height=\"480\" srcset=\"https:\/\/unibuch-campus.center\/wp-content\/uploads\/2020\/08\/20200729_125659-1024x768.jpg 1024w, https:\/\/unibuch-campus.center\/wp-content\/uploads\/2020\/08\/20200729_125659-300x225.jpg 300w, https:\/\/unibuch-campus.center\/wp-content\/uploads\/2020\/08\/20200729_125659-768x576.jpg 768w, https:\/\/unibuch-campus.center\/wp-content\/uploads\/2020\/08\/20200729_125659-1536x1152.jpg 1536w, https:\/\/unibuch-campus.center\/wp-content\/uploads\/2020\/08\/20200729_125659-155x116.jpg 155w, https:\/\/unibuch-campus.center\/wp-content\/uploads\/2020\/08\/20200729_125659.jpg 2016w\" sizes=\"auto, (max-width: 640px) 100vw, 640px\" \/><\/p>\n<p>&nbsp;<\/p>\n","protected":false},"excerpt":{"rendered":"<p>Grosses Angebot an reduzierten W\u00f6rterb\u00fcchern. 2000 B\u00e4nde Weltliteratur ab 2,- \u20ac Grosse Abteilung Philosophie &#8211; second hand, Remittenden, Sonderausgaben &nbsp;<\/p>\n","protected":false},"author":1,"featured_media":0,"parent":0,"menu_order":0,"comment_status":"closed","ping_status":"closed","template":"","meta":{"footnotes":""},"class_list":["post-11","page","type-page","status-publish","hentry"],"_links":{"self":[{"href":"https:\/\/unibuch-campus.center\/index.php\/wp-json\/wp\/v2\/pages\/11","targetHints":{"allow":["GET"]}}],"collection":[{"href":"https:\/\/unibuch-campus.center\/index.php\/wp-json\/wp\/v2\/pages"}],"about":[{"href":"https:\/\/unibuch-campus.center\/index.php\/wp-json\/wp\/v2\/types\/page"}],"author":[{"embeddable":true,"href":"https:\/\/unibuch-campus.center\/index.php\/wp-json\/wp\/v2\/users\/1"}],"replies":[{"embeddable":true,"href":"https:\/\/unibuch-campus.center\/index.php\/wp-json\/wp\/v2\/comments?post=11"}],"version-history":[{"count":7,"href":"https:\/\/unibuch-campus.center\/index.php\/wp-json\/wp\/v2\/pages\/11\/revisions"}],"predecessor-version":[{"id":94,"href":"https:\/\/unibuch-campus.center\/index.php\/wp-json\/wp\/v2\/pages\/11\/revisions\/94"}],"wp:attachment":[{"href":"https:\/\/unibuch-campus.center\/index.php\/wp-json\/wp\/v2\/media?parent=11"}],"curies":[{"name":"wp","href":"https:\/\/api.w.org\/{rel}","templated":true}]}}